{"id":17,"date":"2025-10-19T17:31:25","date_gmt":"2025-10-19T15:31:25","guid":{"rendered":"https:\/\/djeans.eu\/guyane2025\/?page_id=17"},"modified":"2025-10-19T17:35:41","modified_gmt":"2025-10-19T15:35:41","slug":"guyane-2025","status":"publish","type":"page","link":"https:\/\/djeans.eu\/guyane2025\/","title":{"rendered":""},"content":{"rendered":"\n<p class=\"has-large-font-size\">Bonjour \u00e0 tous,<\/p>\n\n\n\n<p class=\"has-medium-font-size\">Voici donc le site\/blog pour suivre les aventures de B\u00e9a et Den\u2019s en Guyane ; nous allons nous efforcer de poster ici r\u00e9guli\u00e8rement des informations et des surtout des photos de nos p\u00e9r\u00e9grinations. N\u2019h\u00e9sitez pas \u00e0 commenter !<\/p>\n\n\n\n<p class=\"has-medium-font-size\">A bient\u00f4t pour le d\u00e9but de nos aventures \u2026<\/p>\n\n\n\n<figure class=\"wp-block-image size-large\"><img loading=\"lazy\" decoding=\"async\" width=\"1024\" height=\"683\" src=\"https:\/\/djeans.eu\/guyane2025\/wp-content\/uploads\/2025\/10\/Guyane_001-2-1024x683.jpg\" alt=\"\" class=\"wp-image-21\" srcset=\"https:\/\/djeans.eu\/guyane2025\/wp-content\/uploads\/2025\/10\/Guyane_001-2-1024x683.jpg 1024w, https:\/\/djeans.eu\/guyane2025\/wp-content\/uploads\/2025\/10\/Guyane_001-2-300x200.jpg 300w, https:\/\/djeans.eu\/guyane2025\/wp-content\/uploads\/2025\/10\/Guyane_001-2-768x512.jpg 768w, https:\/\/djeans.eu\/guyane2025\/wp-content\/uploads\/2025\/10\/Guyane_001-2.jpg 1500w\" sizes=\"auto, (max-width: 1024px) 100vw, 1024px\" \/><\/figure>\n","protected":false},"excerpt":{"rendered":"<p>Bonjour \u00e0 tous, Voici donc le site\/blog pour suivre les aventures de B\u00e9a et Den\u2019s en Guyane ; nous allons nous efforcer de poster ici r\u00e9guli\u00e8rement des informations et des surtout des photos de nos p\u00e9r\u00e9grinations. N\u2019h\u00e9sitez pas \u00e0 commenter ! A bient\u00f4t pour le d\u00e9but de nos aventures \u2026<\/p>\n","protected":false},"author":1,"featured_media":0,"parent":0,"menu_order":0,"comment_status":"closed","ping_status":"closed","template":"","meta":{"cybocfi_hide_featured_image":"","footnotes":""},"class_list":["post-17","page","type-page","status-publish","hentry","entry"],"_links":{"self":[{"href":"https:\/\/djeans.eu\/guyane2025\/wp-json\/wp\/v2\/pages\/17","targetHints":{"allow":["GET"]}}],"collection":[{"href":"https:\/\/djeans.eu\/guyane2025\/wp-json\/wp\/v2\/pages"}],"about":[{"href":"https:\/\/djeans.eu\/guyane2025\/wp-json\/wp\/v2\/types\/page"}],"author":[{"embeddable":true,"href":"https:\/\/djeans.eu\/guyane2025\/wp-json\/wp\/v2\/users\/1"}],"replies":[{"embeddable":true,"href":"https:\/\/djeans.eu\/guyane2025\/wp-json\/wp\/v2\/comments?post=17"}],"version-history":[{"count":4,"href":"https:\/\/djeans.eu\/guyane2025\/wp-json\/wp\/v2\/pages\/17\/revisions"}],"predecessor-version":[{"id":24,"href":"https:\/\/djeans.eu\/guyane2025\/wp-json\/wp\/v2\/pages\/17\/revisions\/24"}],"wp:attachment":[{"href":"https:\/\/djeans.eu\/guyane2025\/wp-json\/wp\/v2\/media?parent=17"}],"curies":[{"name":"wp","href":"https:\/\/api.w.org\/{rel}","templated":true}]}}